{"id":596,"date":"2026-01-30T20:56:06","date_gmt":"2026-01-30T20:56:06","guid":{"rendered":"https:\/\/paini.creaturead.fi\/?page_id=596"},"modified":"2026-02-01T18:07:47","modified_gmt":"2026-02-01T18:07:47","slug":"596-2","status":"publish","type":"page","link":"https:\/\/wrestlingkotka.fi\/index.php\/596-2\/","title":{"rendered":""},"content":{"rendered":"<p>[et_pb_section fb_built=&#8221;1&#8243; disabled_on=&#8221;on|on|off&#8221; _builder_version=&#8221;4.24.2&#8243; _module_preset=&#8221;default&#8221; background_color=&#8221;#ea4d16&#8243; background_image=&#8221;https:\/\/wrestlingkotka.fi\/wp-content\/uploads\/2025\/09\/hero-tausta-ora-scaled.jpg&#8221; global_colors_info=&#8221;{}&#8221;][et_pb_row _builder_version=&#8221;4.24.2&#8243; _module_preset=&#8221;default&#8221; global_colors_info=&#8221;{}&#8221;][et_pb_column type=&#8221;4_4&#8243; _builder_version=&#8221;4.24.2&#8243; _module_preset=&#8221;default&#8221; global_colors_info=&#8221;{}&#8221;][et_pb_image src=&#8221;https:\/\/wrestlingkotka.fi\/wp-content\/uploads\/2026\/01\/logo-ora-pohja.png&#8221; title_text=&#8221;logo ora pohja&#8221; align=&#8221;center&#8221; _builder_version=&#8221;4.24.2&#8243; _module_preset=&#8221;default&#8221; width=&#8221;50%&#8221; global_colors_info=&#8221;{}&#8221;][\/et_pb_image][\/et_pb_column][\/et_pb_row][\/et_pb_section][et_pb_section fb_built=&#8221;1&#8243; disabled_on=&#8221;off|off|on&#8221; _builder_version=&#8221;4.24.2&#8243; _module_preset=&#8221;default&#8221; background_color=&#8221;#ea4d16&#8243; background_image=&#8221;https:\/\/wrestlingkotka.fi\/wp-content\/uploads\/2025\/09\/hero-tausta-ora-scaled.jpg&#8221; custom_margin=&#8221;-20px||-20px||false|false&#8221; global_colors_info=&#8221;{}&#8221;][et_pb_row _builder_version=&#8221;4.24.2&#8243; _module_preset=&#8221;default&#8221; global_colors_info=&#8221;{}&#8221;][et_pb_column type=&#8221;4_4&#8243; _builder_version=&#8221;4.24.2&#8243; _module_preset=&#8221;default&#8221; global_colors_info=&#8221;{}&#8221;][et_pb_image src=&#8221;https:\/\/wrestlingkotka.fi\/wp-content\/uploads\/2026\/01\/logo-ora-pohja.png&#8221; title_text=&#8221;logo ora pohja&#8221; align=&#8221;center&#8221; _builder_version=&#8221;4.24.2&#8243; _module_preset=&#8221;default&#8221; width=&#8221;61%&#8221; global_colors_info=&#8221;{}&#8221;][\/et_pb_image][\/et_pb_column][\/et_pb_row][\/et_pb_section][et_pb_section fb_built=&#8221;1&#8243; disabled_on=&#8221;on|on|off&#8221; _builder_version=&#8221;4.24.2&#8243; _module_preset=&#8221;default&#8221; background_color=&#8221;#000000&#8243; global_colors_info=&#8221;{}&#8221;][et_pb_row _builder_version=&#8221;4.24.2&#8243; _module_preset=&#8221;default&#8221; global_colors_info=&#8221;{}&#8221;][et_pb_column type=&#8221;4_4&#8243; _builder_version=&#8221;4.24.2&#8243; _module_preset=&#8221;default&#8221; global_colors_info=&#8221;{}&#8221;][et_pb_heading title=&#8221;Henkil\u00f6st\u00f6&#8221; disabled_on=&#8221;on|off|off&#8221; _builder_version=&#8221;4.24.2&#8243; _module_preset=&#8221;default&#8221; title_font=&#8221;Russo One||||||||&#8221; title_text_align=&#8221;center&#8221; title_text_color=&#8221;#ff7200&#8243; title_font_size=&#8221;40px&#8221; title_letter_spacing=&#8221;2px&#8221; global_colors_info=&#8221;{}&#8221;][\/et_pb_heading][et_pb_divider _builder_version=&#8221;4.24.2&#8243; _module_preset=&#8221;default&#8221; global_colors_info=&#8221;{}&#8221;][\/et_pb_divider][\/et_pb_column][\/et_pb_row][\/et_pb_section][et_pb_section fb_built=&#8221;1&#8243; disabled_on=&#8221;off|off|on&#8221; _builder_version=&#8221;4.24.2&#8243; _module_preset=&#8221;default&#8221; background_color=&#8221;#000000&#8243; custom_margin=&#8221;-30px||-30px||false|false&#8221; global_colors_info=&#8221;{}&#8221;][et_pb_row _builder_version=&#8221;4.24.2&#8243; _module_preset=&#8221;default&#8221; custom_margin=&#8221;-38px||-25px||false|false&#8221; global_colors_info=&#8221;{}&#8221;][et_pb_column type=&#8221;4_4&#8243; _builder_version=&#8221;4.24.2&#8243; _module_preset=&#8221;default&#8221; global_colors_info=&#8221;{}&#8221;][et_pb_text disabled_on=&#8221;off|off|on&#8221; _builder_version=&#8221;4.24.2&#8243; _module_preset=&#8221;default&#8221; text_font=&#8221;Russo One||||||||&#8221; text_text_color=&#8221;#ff7200&#8243; text_font_size=&#8221;30px&#8221; text_line_height=&#8221;1.3em&#8221; custom_margin=&#8221;36px||||false|false&#8221; global_colors_info=&#8221;{}&#8221;]<\/p>\n<p style=\"text-align: center;\">HENKIL\u00d6ST\u00d6<\/p>\n<p>[\/et_pb_text][et_pb_divider _builder_version=&#8221;4.24.2&#8243; _module_preset=&#8221;default&#8221; global_colors_info=&#8221;{}&#8221;][\/et_pb_divider][\/et_pb_column][\/et_pb_row][\/et_pb_section][et_pb_section fb_built=&#8221;1&#8243; _builder_version=&#8221;4.24.2&#8243; _module_preset=&#8221;default&#8221; background_color=&#8221;#FFFFFF&#8221; global_colors_info=&#8221;{}&#8221;][et_pb_row _builder_version=&#8221;4.24.2&#8243; _module_preset=&#8221;default&#8221; custom_padding=&#8221;||0px||false|false&#8221; global_colors_info=&#8221;{}&#8221;][et_pb_column type=&#8221;4_4&#8243; _builder_version=&#8221;4.24.2&#8243; _module_preset=&#8221;default&#8221; global_colors_info=&#8221;{}&#8221;][et_pb_text _builder_version=&#8221;4.24.2&#8243; _module_preset=&#8221;default&#8221; global_colors_info=&#8221;{}&#8221;]<\/p>\n<p><span style=\"font-size: large; color: #000000;\"><strong>Jani Kiili<\/strong><\/span><br \/><span style=\"color: #000000;\"><span style=\"color: #ff7200;\">Puheenjohtaja<\/span><\/span><\/p>\n<p>[\/et_pb_text][et_pb_divider color=&#8221;#515151&#8243; _builder_version=&#8221;4.24.2&#8243; _module_preset=&#8221;default&#8221; global_colors_info=&#8221;{}&#8221;][\/et_pb_divider][et_pb_text _builder_version=&#8221;4.24.2&#8243; _module_preset=&#8221;default&#8221; global_colors_info=&#8221;{}&#8221;]<\/p>\n<p><span style=\"font-size: large; color: #000000;\"><strong>Jarmo S\u00f6derholm<\/strong><\/span><br \/><span style=\"color: #000000;\"><span style=\"color: #ff7200;\">Hallituksen j\u00e4sen <\/span>| 0400 178 659 | mrp.jarmo@gmail.com<\/span><\/p>\n<p>[\/et_pb_text][et_pb_divider color=&#8221;#515151&#8243; _builder_version=&#8221;4.24.2&#8243; _module_preset=&#8221;default&#8221; global_colors_info=&#8221;{}&#8221;][\/et_pb_divider][et_pb_text _builder_version=&#8221;4.24.2&#8243; _module_preset=&#8221;default&#8221; global_colors_info=&#8221;{}&#8221;]<\/p>\n<p><span style=\"font-size: large; color: #000000;\"><strong>Jenna Vilhola<\/strong><\/span><br \/><span style=\"color: #000000;\"><span style=\"color: #ff7200;\">Hallituksen j\u00e4sen<\/span><\/span><\/p>\n<p>[\/et_pb_text][et_pb_divider color=&#8221;#515151&#8243; _builder_version=&#8221;4.24.2&#8243; _module_preset=&#8221;default&#8221; global_colors_info=&#8221;{}&#8221;][\/et_pb_divider][et_pb_text _builder_version=&#8221;4.24.2&#8243; _module_preset=&#8221;default&#8221; global_colors_info=&#8221;{}&#8221;]<\/p>\n<p><span style=\"font-size: large; color: #000000;\"><strong>Konstantinos Verykios<\/strong><\/span><br \/><span style=\"color: #000000;\"><span style=\"color: #ff7200;\">Hallituksen j\u00e4sen<\/span><\/span><\/p>\n<p>[\/et_pb_text][et_pb_divider color=&#8221;#515151&#8243; _builder_version=&#8221;4.24.2&#8243; _module_preset=&#8221;default&#8221; global_colors_info=&#8221;{}&#8221;][\/et_pb_divider][et_pb_text _builder_version=&#8221;4.24.2&#8243; _module_preset=&#8221;default&#8221; global_colors_info=&#8221;{}&#8221;]<\/p>\n<p><span style=\"font-size: large; color: #000000;\"><strong>Anna Slivinskaya<\/strong><\/span><br \/><span style=\"color: #000000;\"><span style=\"color: #ff7200;\">Hallituksen j\u00e4sen<\/span><\/span><\/p>\n<p>[\/et_pb_text][et_pb_divider color=&#8221;#515151&#8243; _builder_version=&#8221;4.24.2&#8243; _module_preset=&#8221;default&#8221; global_colors_info=&#8221;{}&#8221;][\/et_pb_divider][et_pb_text disabled_on=&#8221;on|on|on&#8221; _builder_version=&#8221;4.24.2&#8243; _module_preset=&#8221;default&#8221; disabled=&#8221;on&#8221; global_colors_info=&#8221;{}&#8221;]<\/p>\n<p><span style=\"font-size: large; color: #000000;\"><strong>Nimi Sukunimi<\/strong><\/span><br \/><span style=\"color: #000000;\"><span style=\"color: #ff7200;\">Rahastonhoitaja<\/span> | 045 123 4561 | seura@wrestlingkotka.fi<\/span><\/p>\n<p>[\/et_pb_text][et_pb_divider color=&#8221;#515151&#8243; disabled_on=&#8221;on|on|on&#8221; _builder_version=&#8221;4.24.2&#8243; _module_preset=&#8221;default&#8221; disabled=&#8221;on&#8221; global_colors_info=&#8221;{}&#8221;][\/et_pb_divider][\/et_pb_column][\/et_pb_row][\/et_pb_section]<\/p>\n","protected":false},"excerpt":{"rendered":"<p>HENKIL\u00d6ST\u00d6Jani KiiliPuheenjohtajaJarmo S\u00f6derholmHallituksen j\u00e4sen | 0400 178 659 | mrp.jarmo@gmail.comJenna VilholaHallituksen j\u00e4senKonstantinos VerykiosHallituksen j\u00e4senAnna SlivinskayaHallituksen j\u00e4senNimi SukunimiRahastonhoitaja | 045 123 4561 | seura@wrestlingkotka.fi<\/p>\n","protected":false},"author":2,"featured_media":0,"parent":0,"menu_order":0,"comment_status":"closed","ping_status":"closed","template":"","meta":{"_et_pb_use_builder":"on","_et_pb_old_content":"","_et_gb_content_width":"","footnotes":""},"class_list":["post-596","page","type-page","status-publish","hentry"],"_links":{"self":[{"href":"https:\/\/wrestlingkotka.fi\/index.php\/wp-json\/wp\/v2\/pages\/596","targetHints":{"allow":["GET"]}}],"collection":[{"href":"https:\/\/wrestlingkotka.fi\/index.php\/wp-json\/wp\/v2\/pages"}],"about":[{"href":"https:\/\/wrestlingkotka.fi\/index.php\/wp-json\/wp\/v2\/types\/page"}],"author":[{"embeddable":true,"href":"https:\/\/wrestlingkotka.fi\/index.php\/wp-json\/wp\/v2\/users\/2"}],"replies":[{"embeddable":true,"href":"https:\/\/wrestlingkotka.fi\/index.php\/wp-json\/wp\/v2\/comments?post=596"}],"version-history":[{"count":14,"href":"https:\/\/wrestlingkotka.fi\/index.php\/wp-json\/wp\/v2\/pages\/596\/revisions"}],"predecessor-version":[{"id":799,"href":"https:\/\/wrestlingkotka.fi\/index.php\/wp-json\/wp\/v2\/pages\/596\/revisions\/799"}],"wp:attachment":[{"href":"https:\/\/wrestlingkotka.fi\/index.php\/wp-json\/wp\/v2\/media?parent=596"}],"curies":[{"name":"wp","href":"https:\/\/api.w.org\/{rel}","templated":true}]}}